{"id":299,"date":"2019-04-15T19:47:05","date_gmt":"2019-04-15T19:47:05","guid":{"rendered":"https:\/\/www.josemiguelgeligasso.com\/?page_id=299"},"modified":"2019-04-15T21:10:43","modified_gmt":"2019-04-15T21:10:43","slug":"blog","status":"publish","type":"page","link":"https:\/\/www.josemiguelgeligasso.com\/?page_id=299","title":{"rendered":"Blog"},"content":{"rendered":"","protected":false},"excerpt":{"rendered":"","protected":false},"author":1,"featured_media":0,"parent":0,"menu_order":0,"comment_status":"closed","ping_status":"closed","template":"elementor_header_footer","meta":{"footnotes":""},"class_list":["post-299","page","type-page","status-publish","hentry"],"yoast_head":"<!-- This site is optimized with the Yoast SEO plugin v27.4 - https:\/\/yoast.com\/product\/yoast-seo-wordpress\/ -->\n<title>Blog - Homeopat\u00eda Lleida - Consulta Jose Miguel Geli Gass\u00f3<\/title>\n<meta name=\"description\" content=\"Blog de la consulta de homeopat\u00eda en Lleida del doctor Jose Miguel Geli Gass\u00f3. Lee e inf\u00f3rmate de distintos temas que ayudaran a mejorar tu salud.\" \/>\n<meta name=\"robots\" content=\"index, follow, max-snippet:-1, max-image-preview:large, max-video-preview:-1\" \/>\n<link rel=\"canonical\" href=\"https:\/\/www.josemiguelgeligasso.com\/?page_id=299\" \/>\n<meta property=\"og:locale\" content=\"es_ES\" \/>\n<meta property=\"og:type\" content=\"article\" \/>\n<meta property=\"og:title\" content=\"Blog - Homeopat\u00eda Lleida - Consulta Jose Miguel Geli Gass\u00f3\" \/>\n<meta property=\"og:description\" content=\"Blog de la consulta de homeopat\u00eda en Lleida del doctor Jose Miguel Geli Gass\u00f3. Lee e inf\u00f3rmate de distintos temas que ayudaran a mejorar tu salud.\" \/>\n<meta property=\"og:url\" content=\"https:\/\/www.josemiguelgeligasso.com\/?page_id=299\" \/>\n<meta property=\"article:modified_time\" content=\"2019-04-15T21:10:43+00:00\" \/>\n<meta name=\"twitter:card\" content=\"summary_large_image\" \/>\n<script type=\"application\/ld+json\" class=\"yoast-schema-graph\">{\"@context\":\"https:\\\/\\\/schema.org\",\"@graph\":[{\"@type\":[\"WebPage\",\"CollectionPage\"],\"@id\":\"https:\\\/\\\/www.josemiguelgeligasso.com\\\/?page_id=299\",\"url\":\"https:\\\/\\\/www.josemiguelgeligasso.com\\\/?page_id=299\",\"name\":\"Blog - Homeopat\u00eda Lleida - Consulta Jose Miguel Geli Gass\u00f3\",\"isPartOf\":{\"@id\":\"https:\\\/\\\/www.josemiguelgeligasso.com\\\/#website\"},\"datePublished\":\"2019-04-15T19:47:05+00:00\",\"dateModified\":\"2019-04-15T21:10:43+00:00\",\"description\":\"Blog de la consulta de homeopat\u00eda en Lleida del doctor Jose Miguel Geli Gass\u00f3. Lee e inf\u00f3rmate de distintos temas que ayudaran a mejorar tu salud.\",\"breadcrumb\":{\"@id\":\"https:\\\/\\\/www.josemiguelgeligasso.com\\\/?page_id=299#breadcrumb\"},\"inLanguage\":\"es\"},{\"@type\":\"BreadcrumbList\",\"@id\":\"https:\\\/\\\/www.josemiguelgeligasso.com\\\/?page_id=299#breadcrumb\",\"itemListElement\":[{\"@type\":\"ListItem\",\"position\":1,\"name\":\"Portada\",\"item\":\"https:\\\/\\\/www.josemiguelgeligasso.com\\\/\"},{\"@type\":\"ListItem\",\"position\":2,\"name\":\"Blog\"}]},{\"@type\":\"WebSite\",\"@id\":\"https:\\\/\\\/www.josemiguelgeligasso.com\\\/#website\",\"url\":\"https:\\\/\\\/www.josemiguelgeligasso.com\\\/\",\"name\":\"\",\"description\":\"\",\"publisher\":{\"@id\":\"https:\\\/\\\/www.josemiguelgeligasso.com\\\/#\\\/schema\\\/person\\\/7d8d951e2cdbe770747e8d008a91c78b\"},\"potentialAction\":[{\"@type\":\"SearchAction\",\"target\":{\"@type\":\"EntryPoint\",\"urlTemplate\":\"https:\\\/\\\/www.josemiguelgeligasso.com\\\/?s={search_term_string}\"},\"query-input\":{\"@type\":\"PropertyValueSpecification\",\"valueRequired\":true,\"valueName\":\"search_term_string\"}}],\"inLanguage\":\"es\"},{\"@type\":[\"Person\",\"Organization\"],\"@id\":\"https:\\\/\\\/www.josemiguelgeligasso.com\\\/#\\\/schema\\\/person\\\/7d8d951e2cdbe770747e8d008a91c78b\",\"name\":\"Jose Miguel Geli Gasso\",\"image\":{\"@type\":\"ImageObject\",\"inLanguage\":\"es\",\"@id\":\"https:\\\/\\\/www.josemiguelgeligasso.com\\\/wp-content\\\/uploads\\\/2019\\\/02\\\/cropped-jose-miguel-geli-copia-2.jpg\",\"url\":\"https:\\\/\\\/www.josemiguelgeligasso.com\\\/wp-content\\\/uploads\\\/2019\\\/02\\\/cropped-jose-miguel-geli-copia-2.jpg\",\"contentUrl\":\"https:\\\/\\\/www.josemiguelgeligasso.com\\\/wp-content\\\/uploads\\\/2019\\\/02\\\/cropped-jose-miguel-geli-copia-2.jpg\",\"width\":232,\"height\":232,\"caption\":\"Jose Miguel Geli Gasso\"},\"logo\":{\"@id\":\"https:\\\/\\\/www.josemiguelgeligasso.com\\\/wp-content\\\/uploads\\\/2019\\\/02\\\/cropped-jose-miguel-geli-copia-2.jpg\"}}]}<\/script>\n<!-- \/ Yoast SEO plugin. -->","yoast_head_json":{"title":"Blog - Homeopat\u00eda Lleida - Consulta Jose Miguel Geli Gass\u00f3","description":"Blog de la consulta de homeopat\u00eda en Lleida del doctor Jose Miguel Geli Gass\u00f3. Lee e inf\u00f3rmate de distintos temas que ayudaran a mejorar tu salud.","robots":{"index":"index","follow":"follow","max-snippet":"max-snippet:-1","max-image-preview":"max-image-preview:large","max-video-preview":"max-video-preview:-1"},"canonical":"https:\/\/www.josemiguelgeligasso.com\/?page_id=299","og_locale":"es_ES","og_type":"article","og_title":"Blog - Homeopat\u00eda Lleida - Consulta Jose Miguel Geli Gass\u00f3","og_description":"Blog de la consulta de homeopat\u00eda en Lleida del doctor Jose Miguel Geli Gass\u00f3. Lee e inf\u00f3rmate de distintos temas que ayudaran a mejorar tu salud.","og_url":"https:\/\/www.josemiguelgeligasso.com\/?page_id=299","article_modified_time":"2019-04-15T21:10:43+00:00","twitter_card":"summary_large_image","schema":{"@context":"https:\/\/schema.org","@graph":[{"@type":["WebPage","CollectionPage"],"@id":"https:\/\/www.josemiguelgeligasso.com\/?page_id=299","url":"https:\/\/www.josemiguelgeligasso.com\/?page_id=299","name":"Blog - Homeopat\u00eda Lleida - Consulta Jose Miguel Geli Gass\u00f3","isPartOf":{"@id":"https:\/\/www.josemiguelgeligasso.com\/#website"},"datePublished":"2019-04-15T19:47:05+00:00","dateModified":"2019-04-15T21:10:43+00:00","description":"Blog de la consulta de homeopat\u00eda en Lleida del doctor Jose Miguel Geli Gass\u00f3. Lee e inf\u00f3rmate de distintos temas que ayudaran a mejorar tu salud.","breadcrumb":{"@id":"https:\/\/www.josemiguelgeligasso.com\/?page_id=299#breadcrumb"},"inLanguage":"es"},{"@type":"BreadcrumbList","@id":"https:\/\/www.josemiguelgeligasso.com\/?page_id=299#breadcrumb","itemListElement":[{"@type":"ListItem","position":1,"name":"Portada","item":"https:\/\/www.josemiguelgeligasso.com\/"},{"@type":"ListItem","position":2,"name":"Blog"}]},{"@type":"WebSite","@id":"https:\/\/www.josemiguelgeligasso.com\/#website","url":"https:\/\/www.josemiguelgeligasso.com\/","name":"","description":"","publisher":{"@id":"https:\/\/www.josemiguelgeligasso.com\/#\/schema\/person\/7d8d951e2cdbe770747e8d008a91c78b"},"potentialAction":[{"@type":"SearchAction","target":{"@type":"EntryPoint","urlTemplate":"https:\/\/www.josemiguelgeligasso.com\/?s={search_term_string}"},"query-input":{"@type":"PropertyValueSpecification","valueRequired":true,"valueName":"search_term_string"}}],"inLanguage":"es"},{"@type":["Person","Organization"],"@id":"https:\/\/www.josemiguelgeligasso.com\/#\/schema\/person\/7d8d951e2cdbe770747e8d008a91c78b","name":"Jose Miguel Geli Gasso","image":{"@type":"ImageObject","inLanguage":"es","@id":"https:\/\/www.josemiguelgeligasso.com\/wp-content\/uploads\/2019\/02\/cropped-jose-miguel-geli-copia-2.jpg","url":"https:\/\/www.josemiguelgeligasso.com\/wp-content\/uploads\/2019\/02\/cropped-jose-miguel-geli-copia-2.jpg","contentUrl":"https:\/\/www.josemiguelgeligasso.com\/wp-content\/uploads\/2019\/02\/cropped-jose-miguel-geli-copia-2.jpg","width":232,"height":232,"caption":"Jose Miguel Geli Gasso"},"logo":{"@id":"https:\/\/www.josemiguelgeligasso.com\/wp-content\/uploads\/2019\/02\/cropped-jose-miguel-geli-copia-2.jpg"}}]}},"_links":{"self":[{"href":"https:\/\/www.josemiguelgeligasso.com\/index.php?rest_route=\/wp\/v2\/pages\/299","targetHints":{"allow":["GET"]}}],"collection":[{"href":"https:\/\/www.josemiguelgeligasso.com\/index.php?rest_route=\/wp\/v2\/pages"}],"about":[{"href":"https:\/\/www.josemiguelgeligasso.com\/index.php?rest_route=\/wp\/v2\/types\/page"}],"author":[{"embeddable":true,"href":"https:\/\/www.josemiguelgeligasso.com\/index.php?rest_route=\/wp\/v2\/users\/1"}],"replies":[{"embeddable":true,"href":"https:\/\/www.josemiguelgeligasso.com\/index.php?rest_route=%2Fwp%2Fv2%2Fcomments&post=299"}],"version-history":[{"count":1,"href":"https:\/\/www.josemiguelgeligasso.com\/index.php?rest_route=\/wp\/v2\/pages\/299\/revisions"}],"predecessor-version":[{"id":300,"href":"https:\/\/www.josemiguelgeligasso.com\/index.php?rest_route=\/wp\/v2\/pages\/299\/revisions\/300"}],"wp:attachment":[{"href":"https:\/\/www.josemiguelgeligasso.com\/index.php?rest_route=%2Fwp%2Fv2%2Fmedia&parent=299"}],"curies":[{"name":"wp","href":"https:\/\/api.w.org\/{rel}","templated":true}]}}