{"id":35,"date":"2018-05-01T17:10:25","date_gmt":"2018-05-01T17:10:25","guid":{"rendered":"https:\/\/josemiguelgeligasso.wordpress.com\/?page_id=35"},"modified":"2019-04-16T07:57:23","modified_gmt":"2019-04-16T07:57:23","slug":"terapias","status":"publish","type":"page","link":"https:\/\/www.josemiguelgeligasso.com\/?page_id=35","title":{"rendered":"Terapias"},"content":{"rendered":"<div id=\"metaslider-id-261\" style=\"width: 100%; margin: 0 auto;\" class=\"ml-slider-3-108-0 metaslider metaslider-flex metaslider-261 ml-slider has-dots-nav ms-theme-nivo-light\" role=\"region\" aria-label=\"Terapias\" data-height=\"300\" data-width=\"700\">\n    <div id=\"metaslider_container_261\">\n        <div id=\"metaslider_261\" class=\"flexslider\">\n            <ul class='slides'>\n                <li style=\"display: block; width: 100%;\" class=\"slide-262 ms-image \" aria-roledescription=\"slide\" data-date=\"2019-04-15 18:54:09\" data-filename=\"masaje-5a-700x300.jpg\" data-slide-type=\"image\"><img loading=\"lazy\" decoding=\"async\" src=\"https:\/\/www.josemiguelgeligasso.com\/wp-content\/uploads\/2018\/07\/masaje-5a-700x300.jpg\" height=\"300\" width=\"700\" alt=\"Tratamiento manual realizado por Jose Miguel Geli Gasso\" class=\"slider-261 slide-262 msDefaultImage\" title=\"Tratamiento manual realizado por Jose Miguel Geli Gasso\" \/><\/li>\n                <li style=\"display: none; width: 100%;\" class=\"slide-265 ms-image \" aria-roledescription=\"slide\" data-date=\"2019-04-15 18:55:00\" data-filename=\"geli2-700x300.jpg\" data-slide-type=\"image\"><img loading=\"lazy\" decoding=\"async\" src=\"https:\/\/www.josemiguelgeligasso.com\/wp-content\/uploads\/2018\/07\/geli2-700x300.jpg\" height=\"300\" width=\"700\" alt=\"Consulta del m\u00e9dico Jose Miguel Geli Gass\u00f3\" class=\"slider-261 slide-265 msDefaultImage\" title=\"Jose Miguel Geli Gasso\" \/><\/li>\n                <li style=\"display: none; width: 100%;\" class=\"slide-266 ms-image \" aria-roledescription=\"slide\" data-date=\"2019-04-15 18:55:22\" data-filename=\"camilla-2-e1532034930795-700x300.jpg\" data-slide-type=\"image\"><img loading=\"lazy\" decoding=\"async\" src=\"https:\/\/www.josemiguelgeligasso.com\/wp-content\/uploads\/2018\/07\/camilla-2-e1532034930795-700x300.jpg\" height=\"300\" width=\"700\" alt=\"Consulta del doctor Jose Miguel Geli Gasso\" class=\"slider-261 slide-266 msDefaultImage\" title=\"Consulta del doctor Jose Miguel Geli Gasso\" \/><\/li>\n            <\/ul>\n        <\/div>\n        \n    <\/div>\n<\/div>\n<p>Los medicamentos homeop\u00e1ticos que ofrece\u00a0<b>Jos\u00e9 Miguel Geli Gasso M\u00e9dico Naturista y Home\u00f3pata<\/b>\u00a0carecen de contraindicaciones y efectos secundarios, pudi\u00e9ndose administrar a todo tipo de pacientes (ni\u00f1os, embarazadas, ancianos, entre otros).<\/p>\n<p style=\"text-align: justify;\">En la consulta ofrece los siguientes tratamientos:<\/p>\n<p style=\"text-align: justify;\"><b>MEDICINA NATURAL<\/b><\/p>\n<p style=\"padding-left: 40px;\"><a style=\"color: #dd9323;\" href=\"https:\/\/www.josemiguelgeligasso.com\/?p=126\">\u2234Homeopat\u00eda infantil<\/a><\/p>\n<p style=\"padding-left: 40px;\"><a style=\"color: #dd9323;\" href=\"https:\/\/www.josemiguelgeligasso.com\/?p=128\">\u2234Homeopat\u00eda para adultos<\/a><\/p>\n<p style=\"padding-left: 40px;\"><a style=\"color: #dd9323;\" href=\"https:\/\/www.josemiguelgeligasso.com\/?p=130\">\u2234Oligoterapia<\/a><\/p>\n<p style=\"text-align: justify;\"><b>TERAPIAS ENFOCADAS AL BIENESTAR PSICOL\u00d3GICO<\/b><\/p>\n<p style=\"padding-left: 40px;\"><a style=\"color: #dd9323;\" href=\"https:\/\/www.josemiguelgeligasso.com\/?p=134\">\u2234Tratamiento y prevenci\u00f3n de trastornos emocionales (ansiedad, miedos, inseguridad, autoestima, depresi\u00f3n, etc.)<\/a><\/p>\n<p style=\"padding-left: 40px;\"><a style=\"color: #dd9323;\" href=\"https:\/\/www.josemiguelgeligasso.com\/?p=136\">\u2234Tratamiento de fobias y obsesiones<\/a><\/p>\n<p style=\"padding-left: 40px;\"><a style=\"color: #dd9323;\" href=\"https:\/\/www.josemiguelgeligasso.com\/?p=138\">\u2234Tratamientos para tratar dependencias: tabaco, alcohol, etc.<\/a><\/p>\n<p style=\"text-align: justify;\"><b>RECUPERACI\u00d3N FUNCIONAL Y TERAPIA DEL DOLOR<\/b><\/p>\n<p style=\"padding-left: 40px;\"><a style=\"color: #dd9323;\" href=\"https:\/\/www.josemiguelgeligasso.com\/?p=140\">\u2234Desbloqueos de contracturas<\/a><\/p>\n<p style=\"padding-left: 40px;\"><a style=\"color: #dd9323;\" href=\"https:\/\/www.josemiguelgeligasso.com\/?p=141\">\u2234Reflexolog\u00eda podal<\/a><\/p>\n<p style=\"padding-left: 40px;\"><a style=\"color: #dd9323;\" href=\"https:\/\/www.josemiguelgeligasso.com\/?p=142\">\u2234Dolor de cabeza<\/a><\/p>\n<p style=\"padding-left: 40px;\"><a style=\"color: #dd9323;\" href=\"https:\/\/www.josemiguelgeligasso.com\/?p=144\">\u2234V\u00e9rtigos<\/a><\/p>\n<p style=\"padding-left: 40px;\"><a style=\"color: #dd9323;\" href=\"https:\/\/www.josemiguelgeligasso.com\/?p=145\">\u2234Migra\u00f1as<\/a><\/p>\n<p style=\"padding-left: 40px;\"><a style=\"color: #dd9323;\" href=\"https:\/\/www.josemiguelgeligasso.com\/?p=146\">\u2234Sinusitis<\/a><\/p>\n<p style=\"padding-left: 40px;\"><a style=\"color: #dd9323;\" href=\"https:\/\/www.josemiguelgeligasso.com\/2019\/02\/20\/ciaticas-y-lumbo-ciaticas\/\">\u2234Ci\u00e1ticas y lumbalgias<\/a><\/p>\n<p style=\"padding-left: 40px;\"><a style=\"color: #dd9323;\" href=\"https:\/\/www.josemiguelgeligasso.com\/?p=148\">\u2234Reumatismo o reuma<\/a><\/p>\n<p style=\"padding-left: 40px;\"><a style=\"color: #dd9323;\" href=\"https:\/\/www.josemiguelgeligasso.com\/?p=149\">\u2234Artritis<\/a><\/p>\n<p style=\"padding-left: 40px;\"><a style=\"color: #dd9323;\" href=\"https:\/\/www.josemiguelgeligasso.com\/?p=150\">\u2234Drenaje linf\u00e1tico<\/a><\/p>\n<div id='gallery-1' class='gallery galleryid-35 gallery-columns-3 gallery-size-medium'><figure class='gallery-item'>\n\t\t\t<div class='gallery-icon portrait'>\n\t\t\t\t<a href='https:\/\/www.josemiguelgeligasso.com\/?attachment_id=95'><img loading=\"lazy\" decoding=\"async\" width=\"219\" height=\"300\" src=\"https:\/\/www.josemiguelgeligasso.com\/wp-content\/uploads\/2018\/07\/img_2382-a-e1532034517571-219x300.jpg\" class=\"attachment-medium size-medium\" alt=\"Tratamiento realizado por el m\u00e9dico naturista Jose Miguel Geli Gass\u00f3\" srcset=\"https:\/\/www.josemiguelgeligasso.com\/wp-content\/uploads\/2018\/07\/img_2382-a-e1532034517571-219x300.jpg 219w, https:\/\/www.josemiguelgeligasso.com\/wp-content\/uploads\/2018\/07\/img_2382-a-e1532034517571-768x1052.jpg 768w, https:\/\/www.josemiguelgeligasso.com\/wp-content\/uploads\/2018\/07\/img_2382-a-e1532034517571-748x1024.jpg 748w, https:\/\/www.josemiguelgeligasso.com\/wp-content\/uploads\/2018\/07\/img_2382-a-e1532034517571-1568x2147.jpg 1568w, https:\/\/www.josemiguelgeligasso.com\/wp-content\/uploads\/2018\/07\/img_2382-a-e1532034517571.jpg 1746w\" sizes=\"auto, (max-width: 219px) 100vw, 219px\" \/><\/a>\n\t\t\t<\/div><\/figure><figure class='gallery-item'>\n\t\t\t<div class='gallery-icon portrait'>\n\t\t\t\t<a href='https:\/\/www.josemiguelgeligasso.com\/?attachment_id=98'><img loading=\"lazy\" decoding=\"async\" width=\"200\" height=\"300\" src=\"https:\/\/www.josemiguelgeligasso.com\/wp-content\/uploads\/2018\/07\/masaje-2a-200x300.jpg\" class=\"attachment-medium size-medium\" alt=\"Tratamiento realizado por Jose Miguel Geli Gass\u00f3\" srcset=\"https:\/\/www.josemiguelgeligasso.com\/wp-content\/uploads\/2018\/07\/masaje-2a-200x300.jpg 200w, https:\/\/www.josemiguelgeligasso.com\/wp-content\/uploads\/2018\/07\/masaje-2a-768x1152.jpg 768w, https:\/\/www.josemiguelgeligasso.com\/wp-content\/uploads\/2018\/07\/masaje-2a-683x1024.jpg 683w, https:\/\/www.josemiguelgeligasso.com\/wp-content\/uploads\/2018\/07\/masaje-2a-1568x2352.jpg 1568w, https:\/\/www.josemiguelgeligasso.com\/wp-content\/uploads\/2018\/07\/masaje-2a.jpg 1643w\" sizes=\"auto, (max-width: 200px) 100vw, 200px\" \/><\/a>\n\t\t\t<\/div><\/figure><figure class='gallery-item'>\n\t\t\t<div class='gallery-icon landscape'>\n\t\t\t\t<a href='https:\/\/www.josemiguelgeligasso.com\/?attachment_id=96'><img loading=\"lazy\" decoding=\"async\" width=\"300\" height=\"200\" src=\"https:\/\/www.josemiguelgeligasso.com\/wp-content\/uploads\/2018\/07\/masaje-5a-300x200.jpg\" class=\"attachment-medium size-medium\" alt=\"Tratamiento manual realizado por Jose Miguel Geli Gasso\" srcset=\"https:\/\/www.josemiguelgeligasso.com\/wp-content\/uploads\/2018\/07\/masaje-5a-300x200.jpg 300w, https:\/\/www.josemiguelgeligasso.com\/wp-content\/uploads\/2018\/07\/masaje-5a-768x512.jpg 768w, https:\/\/www.josemiguelgeligasso.com\/wp-content\/uploads\/2018\/07\/masaje-5a-1024x683.jpg 1024w, https:\/\/www.josemiguelgeligasso.com\/wp-content\/uploads\/2018\/07\/masaje-5a-1568x1045.jpg 1568w\" sizes=\"auto, (max-width: 300px) 100vw, 300px\" \/><\/a>\n\t\t\t<\/div><\/figure>\n\t\t<\/div>\n\n<p style=\"text-align: justify;\"><b>\u00a0<\/b><\/p>\n<p style=\"text-align: justify;\"><b>ALIMENTACI\u00d3N<\/b><\/p>\n<p style=\"text-align: justify;\">En la medicina integral la alimentaci\u00f3n tiene un papel importante para una medicina de prevenci\u00f3n. En nuestra consulta nos basamos en la alimentaci\u00f3n alcalina, la cual mantiene el cuerpo dentro de un PH alcalino (at\u00f3xico) y por consiguiente el sistema inmunol\u00f3gico perfectamente operativo y como prevenci\u00f3n de enfermedades.<\/p>\n<p style=\"padding-left: 40px;\"><a style=\"color: #dd9323;\" href=\"https:\/\/www.josemiguelgeligasso.com\/?p=151\">\u2234Elaboraci\u00f3n de dietas para \u00a0alcalinizar<\/a><\/p>\n<p style=\"padding-left: 40px;\"><a style=\"color: #dd9323;\" href=\"https:\/\/www.josemiguelgeligasso.com\/?p=152\">\u2234Elaboraci\u00f3n de dietas para adelgazar<\/a><\/p>\n<p style=\"padding-left: 40px;\"><a style=\"color: #dd9323;\" href=\"https:\/\/www.josemiguelgeligasso.com\/?p=153\">\u2234Controles diet\u00e9ticos:<\/a> Controles diet\u00e9ticos para deportistas y\u00a0para personas con trastornos de alimentaci\u00f3n.<\/p>\n<p style=\"padding-left: 40px;\"><a style=\"color: #dd9323;\" href=\"https:\/\/www.josemiguelgeligasso.com\/?p=154\">\u2234Potenciaci\u00f3n del sistema inmunol\u00f3gico y defensas<\/a><\/p>\n<p style=\"text-align: justify;\"><b>TERAPIAS ALTERNATIVAS<\/b><\/p>\n<p style=\"padding-left: 40px;\"><a style=\"color: #dd9323;\" href=\"https:\/\/www.josemiguelgeligasso.com\/?p=155\">\u2234Reiki<\/a><\/p>\n<p style=\"padding-left: 40px;\"><a style=\"color: #dd9323;\" href=\"https:\/\/www.josemiguelgeligasso.com\/?p=156\">\u2234Meditaci\u00f3n y Mindfulness<\/a><\/p>\n<p style=\"text-align: justify;\">Para cualquier duda sobre alguna de las terapias puede ponerse en contacto con el doctor Jose Miguel Geli Gass\u00f3 llamando a este tel\u00e9fono:\u00a0<strong><a style=\"color: #dd9323;\" href=\"https:\/\/www.josemiguelgeligasso.com\/?page_id=6\" target=\"_blank\" rel=\"noopener noreferrer\">973 246 958<\/a><\/strong><\/p>\n","protected":false},"excerpt":{"rendered":"<p>Los medicamentos homeop\u00e1ticos que ofrece\u00a0Jos\u00e9 Miguel Geli Gasso M\u00e9dico Naturista y Home\u00f3pata\u00a0carecen de contraindicaciones y efectos secundarios, pudi\u00e9ndose administrar a todo tipo de pacientes (ni\u00f1os, embarazadas, ancianos, entre otros). En la consulta ofrece los siguientes tratamientos: MEDICINA NATURAL \u2234Homeopat\u00eda infantil \u2234Homeopat\u00eda para adultos \u2234Oligoterapia TERAPIAS ENFOCADAS AL BIENESTAR PSICOL\u00d3GICO \u2234Tratamiento y prevenci\u00f3n de trastornos emocionales (ansiedad, miedos, inseguridad, autoestima, depresi\u00f3n, etc.) \u2234Tratamiento de fobias y obsesiones \u2234Tratamientos para tratar dependencias: tabaco, alcohol, etc. RECUPERACI\u00d3N FUNCIONAL Y TERAPIA DEL DOLOR \u2234Desbloqueos de contracturas \u2234Reflexolog\u00eda podal \u2234Dolor de cabeza \u2234V\u00e9rtigos \u2234Migra\u00f1as \u2234Sinusitis \u2234Ci\u00e1ticas y lumbalgias \u2234Reumatismo o reuma \u2234Artritis \u2234Drenaje linf\u00e1tico \u00a0 ALIMENTACI\u00d3N En la medicina integral la alimentaci\u00f3n tiene un papel importante para una medicina de prevenci\u00f3n. En nuestra consulta nos basamos en la alimentaci\u00f3n alcalina, la cual mantiene el cuerpo dentro de un PH alcalino (at\u00f3xico) y por consiguiente el sistema inmunol\u00f3gico perfectamente operativo y como prevenci\u00f3n de enfermedades. \u2234Elaboraci\u00f3n de dietas para \u00a0alcalinizar \u2234Elaboraci\u00f3n de dietas para adelgazar \u2234Controles diet\u00e9ticos: Controles diet\u00e9ticos para deportistas y\u00a0para personas con trastornos de alimentaci\u00f3n. \u2234Potenciaci\u00f3n del sistema inmunol\u00f3gico y defensas TERAPIAS ALTERNATIVAS \u2234Reiki \u2234Meditaci\u00f3n y Mindfulness Para cualquier duda sobre alguna de las terapias puede ponerse en contacto con el doctor Jose Miguel Geli Gass\u00f3 llamando a este tel\u00e9fono:\u00a0973 246 958<\/p>\n","protected":false},"author":2,"featured_media":0,"parent":0,"menu_order":1,"comment_status":"closed","ping_status":"closed","template":"elementor_header_footer","meta":{"footnotes":""},"class_list":["post-35","page","type-page","status-publish","hentry"],"yoast_head":"<!-- This site is optimized with the Yoast SEO plugin v27.4 - https:\/\/yoast.com\/product\/yoast-seo-wordpress\/ -->\n<title>Terapias - Consulta homeopat\u00eda Lleida Jose Miguel Geli Gass\u00f3<\/title>\n<meta name=\"description\" content=\"Consulta de homeopat\u00eda en Lleida del m\u00e9dico Jose Miguel Geli Gass\u00f3. Entra y consulta sus terapias homeop\u00e1ticas. Pide tu cita.\" \/>\n<meta name=\"robots\" content=\"index, follow, max-snippet:-1, max-image-preview:large, max-video-preview:-1\" \/>\n<link rel=\"canonical\" href=\"https:\/\/www.josemiguelgeligasso.com\/?page_id=35\" \/>\n<meta property=\"og:locale\" content=\"es_ES\" \/>\n<meta property=\"og:type\" content=\"article\" \/>\n<meta property=\"og:title\" content=\"Terapias - Consulta homeopat\u00eda Lleida Jose Miguel Geli Gass\u00f3\" \/>\n<meta property=\"og:description\" content=\"Consulta de homeopat\u00eda en Lleida del m\u00e9dico Jose Miguel Geli Gass\u00f3. Entra y consulta sus terapias homeop\u00e1ticas. Pide tu cita.\" \/>\n<meta property=\"og:url\" content=\"https:\/\/www.josemiguelgeligasso.com\/?page_id=35\" \/>\n<meta property=\"article:modified_time\" content=\"2019-04-16T07:57:23+00:00\" \/>\n<meta property=\"og:image\" content=\"https:\/\/www.josemiguelgeligasso.com\/wp-content\/uploads\/2018\/07\/img_2382-a-e1532034517571-219x300.jpg\" \/>\n<meta name=\"twitter:card\" content=\"summary_large_image\" \/>\n<meta name=\"twitter:label1\" content=\"Tiempo de lectura\" \/>\n\t<meta name=\"twitter:data1\" content=\"1 minuto\" \/>\n<script type=\"application\/ld+json\" class=\"yoast-schema-graph\">{\"@context\":\"https:\\\/\\\/schema.org\",\"@graph\":[{\"@type\":\"WebPage\",\"@id\":\"https:\\\/\\\/www.josemiguelgeligasso.com\\\/?page_id=35\",\"url\":\"https:\\\/\\\/www.josemiguelgeligasso.com\\\/?page_id=35\",\"name\":\"Terapias - Consulta homeopat\u00eda Lleida Jose Miguel Geli Gass\u00f3\",\"isPartOf\":{\"@id\":\"https:\\\/\\\/www.josemiguelgeligasso.com\\\/#website\"},\"datePublished\":\"2018-05-01T17:10:25+00:00\",\"dateModified\":\"2019-04-16T07:57:23+00:00\",\"description\":\"Consulta de homeopat\u00eda en Lleida del m\u00e9dico Jose Miguel Geli Gass\u00f3. Entra y consulta sus terapias homeop\u00e1ticas. Pide tu cita.\",\"breadcrumb\":{\"@id\":\"https:\\\/\\\/www.josemiguelgeligasso.com\\\/?page_id=35#breadcrumb\"},\"inLanguage\":\"es\",\"potentialAction\":[{\"@type\":\"ReadAction\",\"target\":[\"https:\\\/\\\/www.josemiguelgeligasso.com\\\/?page_id=35\"]}]},{\"@type\":\"BreadcrumbList\",\"@id\":\"https:\\\/\\\/www.josemiguelgeligasso.com\\\/?page_id=35#breadcrumb\",\"itemListElement\":[{\"@type\":\"ListItem\",\"position\":1,\"name\":\"Portada\",\"item\":\"https:\\\/\\\/www.josemiguelgeligasso.com\\\/\"},{\"@type\":\"ListItem\",\"position\":2,\"name\":\"Terapias\"}]},{\"@type\":\"WebSite\",\"@id\":\"https:\\\/\\\/www.josemiguelgeligasso.com\\\/#website\",\"url\":\"https:\\\/\\\/www.josemiguelgeligasso.com\\\/\",\"name\":\"\",\"description\":\"\",\"publisher\":{\"@id\":\"https:\\\/\\\/www.josemiguelgeligasso.com\\\/#\\\/schema\\\/person\\\/7d8d951e2cdbe770747e8d008a91c78b\"},\"potentialAction\":[{\"@type\":\"SearchAction\",\"target\":{\"@type\":\"EntryPoint\",\"urlTemplate\":\"https:\\\/\\\/www.josemiguelgeligasso.com\\\/?s={search_term_string}\"},\"query-input\":{\"@type\":\"PropertyValueSpecification\",\"valueRequired\":true,\"valueName\":\"search_term_string\"}}],\"inLanguage\":\"es\"},{\"@type\":[\"Person\",\"Organization\"],\"@id\":\"https:\\\/\\\/www.josemiguelgeligasso.com\\\/#\\\/schema\\\/person\\\/7d8d951e2cdbe770747e8d008a91c78b\",\"name\":\"Jose Miguel Geli Gasso\",\"image\":{\"@type\":\"ImageObject\",\"inLanguage\":\"es\",\"@id\":\"https:\\\/\\\/www.josemiguelgeligasso.com\\\/wp-content\\\/uploads\\\/2019\\\/02\\\/cropped-jose-miguel-geli-copia-2.jpg\",\"url\":\"https:\\\/\\\/www.josemiguelgeligasso.com\\\/wp-content\\\/uploads\\\/2019\\\/02\\\/cropped-jose-miguel-geli-copia-2.jpg\",\"contentUrl\":\"https:\\\/\\\/www.josemiguelgeligasso.com\\\/wp-content\\\/uploads\\\/2019\\\/02\\\/cropped-jose-miguel-geli-copia-2.jpg\",\"width\":232,\"height\":232,\"caption\":\"Jose Miguel Geli Gasso\"},\"logo\":{\"@id\":\"https:\\\/\\\/www.josemiguelgeligasso.com\\\/wp-content\\\/uploads\\\/2019\\\/02\\\/cropped-jose-miguel-geli-copia-2.jpg\"}}]}<\/script>\n<!-- \/ Yoast SEO plugin. -->","yoast_head_json":{"title":"Terapias - Consulta homeopat\u00eda Lleida Jose Miguel Geli Gass\u00f3","description":"Consulta de homeopat\u00eda en Lleida del m\u00e9dico Jose Miguel Geli Gass\u00f3. Entra y consulta sus terapias homeop\u00e1ticas. Pide tu cita.","robots":{"index":"index","follow":"follow","max-snippet":"max-snippet:-1","max-image-preview":"max-image-preview:large","max-video-preview":"max-video-preview:-1"},"canonical":"https:\/\/www.josemiguelgeligasso.com\/?page_id=35","og_locale":"es_ES","og_type":"article","og_title":"Terapias - Consulta homeopat\u00eda Lleida Jose Miguel Geli Gass\u00f3","og_description":"Consulta de homeopat\u00eda en Lleida del m\u00e9dico Jose Miguel Geli Gass\u00f3. Entra y consulta sus terapias homeop\u00e1ticas. Pide tu cita.","og_url":"https:\/\/www.josemiguelgeligasso.com\/?page_id=35","article_modified_time":"2019-04-16T07:57:23+00:00","og_image":[{"url":"https:\/\/www.josemiguelgeligasso.com\/wp-content\/uploads\/2018\/07\/img_2382-a-e1532034517571-219x300.jpg","type":"","width":"","height":""}],"twitter_card":"summary_large_image","twitter_misc":{"Tiempo de lectura":"1 minuto"},"schema":{"@context":"https:\/\/schema.org","@graph":[{"@type":"WebPage","@id":"https:\/\/www.josemiguelgeligasso.com\/?page_id=35","url":"https:\/\/www.josemiguelgeligasso.com\/?page_id=35","name":"Terapias - Consulta homeopat\u00eda Lleida Jose Miguel Geli Gass\u00f3","isPartOf":{"@id":"https:\/\/www.josemiguelgeligasso.com\/#website"},"datePublished":"2018-05-01T17:10:25+00:00","dateModified":"2019-04-16T07:57:23+00:00","description":"Consulta de homeopat\u00eda en Lleida del m\u00e9dico Jose Miguel Geli Gass\u00f3. Entra y consulta sus terapias homeop\u00e1ticas. Pide tu cita.","breadcrumb":{"@id":"https:\/\/www.josemiguelgeligasso.com\/?page_id=35#breadcrumb"},"inLanguage":"es","potentialAction":[{"@type":"ReadAction","target":["https:\/\/www.josemiguelgeligasso.com\/?page_id=35"]}]},{"@type":"BreadcrumbList","@id":"https:\/\/www.josemiguelgeligasso.com\/?page_id=35#breadcrumb","itemListElement":[{"@type":"ListItem","position":1,"name":"Portada","item":"https:\/\/www.josemiguelgeligasso.com\/"},{"@type":"ListItem","position":2,"name":"Terapias"}]},{"@type":"WebSite","@id":"https:\/\/www.josemiguelgeligasso.com\/#website","url":"https:\/\/www.josemiguelgeligasso.com\/","name":"","description":"","publisher":{"@id":"https:\/\/www.josemiguelgeligasso.com\/#\/schema\/person\/7d8d951e2cdbe770747e8d008a91c78b"},"potentialAction":[{"@type":"SearchAction","target":{"@type":"EntryPoint","urlTemplate":"https:\/\/www.josemiguelgeligasso.com\/?s={search_term_string}"},"query-input":{"@type":"PropertyValueSpecification","valueRequired":true,"valueName":"search_term_string"}}],"inLanguage":"es"},{"@type":["Person","Organization"],"@id":"https:\/\/www.josemiguelgeligasso.com\/#\/schema\/person\/7d8d951e2cdbe770747e8d008a91c78b","name":"Jose Miguel Geli Gasso","image":{"@type":"ImageObject","inLanguage":"es","@id":"https:\/\/www.josemiguelgeligasso.com\/wp-content\/uploads\/2019\/02\/cropped-jose-miguel-geli-copia-2.jpg","url":"https:\/\/www.josemiguelgeligasso.com\/wp-content\/uploads\/2019\/02\/cropped-jose-miguel-geli-copia-2.jpg","contentUrl":"https:\/\/www.josemiguelgeligasso.com\/wp-content\/uploads\/2019\/02\/cropped-jose-miguel-geli-copia-2.jpg","width":232,"height":232,"caption":"Jose Miguel Geli Gasso"},"logo":{"@id":"https:\/\/www.josemiguelgeligasso.com\/wp-content\/uploads\/2019\/02\/cropped-jose-miguel-geli-copia-2.jpg"}}]}},"_links":{"self":[{"href":"https:\/\/www.josemiguelgeligasso.com\/index.php?rest_route=\/wp\/v2\/pages\/35","targetHints":{"allow":["GET"]}}],"collection":[{"href":"https:\/\/www.josemiguelgeligasso.com\/index.php?rest_route=\/wp\/v2\/pages"}],"about":[{"href":"https:\/\/www.josemiguelgeligasso.com\/index.php?rest_route=\/wp\/v2\/types\/page"}],"author":[{"embeddable":true,"href":"https:\/\/www.josemiguelgeligasso.com\/index.php?rest_route=\/wp\/v2\/users\/2"}],"replies":[{"embeddable":true,"href":"https:\/\/www.josemiguelgeligasso.com\/index.php?rest_route=%2Fwp%2Fv2%2Fcomments&post=35"}],"version-history":[{"count":25,"href":"https:\/\/www.josemiguelgeligasso.com\/index.php?rest_route=\/wp\/v2\/pages\/35\/revisions"}],"predecessor-version":[{"id":366,"href":"https:\/\/www.josemiguelgeligasso.com\/index.php?rest_route=\/wp\/v2\/pages\/35\/revisions\/366"}],"wp:attachment":[{"href":"https:\/\/www.josemiguelgeligasso.com\/index.php?rest_route=%2Fwp%2Fv2%2Fmedia&parent=35"}],"curies":[{"name":"wp","href":"https:\/\/api.w.org\/{rel}","templated":true}]}}