{"id":5,"date":"2018-04-29T18:24:16","date_gmt":"2018-04-29T18:24:16","guid":{"rendered":"https:\/\/josemiguelgeligasso.wordpress.com\/?page_id=2"},"modified":"2019-04-16T08:00:57","modified_gmt":"2019-04-16T08:00:57","slug":"jose-miguel-geli-gasso","status":"publish","type":"page","link":"https:\/\/www.josemiguelgeligasso.com\/?page_id=5","title":{"rendered":"Jose Miguel Geli Gass\u00f3"},"content":{"rendered":"<ul>\n<li>Licenciado en medicina y cirug\u00eda por la <em>Universidad de Zaragoza.<\/em><\/li>\n<li>Diploma acreditativo de capacitaci\u00f3n en medicina homeop\u00e1tica. <em>Consejo de colegios m\u00e9dicos de Catalu\u00f1a.<\/em><\/li>\n<li>Diploma acreditativo de capacitaci\u00f3n en medicina natural.\u00a0<em>Consejo de colegios m\u00e9dicos de Catalu\u00f1a.<\/em><\/li>\n<li>Miembro colaborador en la secci\u00f3n de m\u00e9dicos home\u00f3patas y \u00a0naturistas.\u00a0<em>Consejo de colegios m\u00e9dicos de L\u00e9rida.<\/em><\/li>\n<li>Diplomado en la medicina natural por la U<em>niversidad Hispano-americana.<\/em><\/li>\n<li>Miembro del jurado de acreditaci\u00f3n en medicina natural.\u00a0<em>Consejo de colegios m\u00e9dicos de Catalu\u00f1a.<\/em><\/li>\n<li>Generador del proyecto AVANT NATURAL en Avant M\u00e9dic (Lleida).<\/li>\n<li>M\u00e9dico incorporado al centro Crisa en la secci\u00f3n de homeopat\u00eda y medicina natural.<\/li>\n<li>Profesor de cursos de medicina natural de pregrado en la facultad de medicina. <em>Universidad de L\u00e9rida.<\/em><\/li>\n<li>Miembro numerario de la federaci\u00f3n espa\u00f1ola de diplomados, como m\u00e9dico naturista (FEDINE).<\/li>\n<li>Certificado que acredita estar habilitado para desempe\u00f1ar las funciones de m\u00e9dico en el sistema nacional y en todos los pa\u00edses de la comunidad europea.<\/li>\n<li>Director de programas de televisi\u00f3n para la divulgaci\u00f3n y el conocimiento de la medicina natural y la homeopat\u00eda.<\/li>\n<\/ul>\n<p style=\"text-align: right;\"><span style=\"color: #dd9323;\"><strong>Dr. Jos\u00e9 Miguel Geli Gass\u00f3<\/strong><\/span><\/p>\n<p style=\"text-align: right;\"><span style=\"color: #dd9323;\"><strong>Licenciado en Medicina y\u00a0Cirug\u00eda, Colegiado en L\u00e9rida, n\u00ba 1933<\/strong><\/span><\/p>\n","protected":false},"excerpt":{"rendered":"<p>Curr\u00edculum y experiencia del m\u00e9dico Jose Miguel Geli Gass\u00f3. <\/p>\n","protected":false},"author":2,"featured_media":119,"parent":0,"menu_order":2,"comment_status":"closed","ping_status":"closed","template":"","meta":{"footnotes":""},"class_list":["post-5","page","type-page","status-publish","has-post-thumbnail","hentry"],"yoast_head":"<!-- This site is optimized with the Yoast SEO plugin v27.4 - https:\/\/yoast.com\/product\/yoast-seo-wordpress\/ -->\n<title>Doctor Jose Miguel Geli Gass\u00f3 - Homeopat\u00eda Lleida<\/title>\n<meta name=\"description\" content=\"Prestigiosa consulta de homeopat\u00eda del doctor Jose Miguel Geli Gass\u00f3. Visita su consulta en la ciudad de Lleida. Pide tu cita.\" \/>\n<meta name=\"robots\" content=\"index, follow, max-snippet:-1, max-image-preview:large, max-video-preview:-1\" \/>\n<link rel=\"canonical\" href=\"https:\/\/www.josemiguelgeligasso.com\/?page_id=5\" \/>\n<meta property=\"og:locale\" content=\"es_ES\" \/>\n<meta property=\"og:type\" content=\"article\" \/>\n<meta property=\"og:title\" content=\"Doctor Jose Miguel Geli Gass\u00f3 - Homeopat\u00eda Lleida\" \/>\n<meta property=\"og:description\" content=\"Prestigiosa consulta de homeopat\u00eda del doctor Jose Miguel Geli Gass\u00f3. Visita su consulta en la ciudad de Lleida. Pide tu cita.\" \/>\n<meta property=\"og:url\" content=\"https:\/\/www.josemiguelgeligasso.com\/?page_id=5\" \/>\n<meta property=\"article:modified_time\" content=\"2019-04-16T08:00:57+00:00\" \/>\n<meta property=\"og:image\" content=\"https:\/\/www.josemiguelgeligasso.com\/wp-content\/uploads\/2018\/08\/aeef17d7-f2d6-4d12-9ac0-17705f7e9f5b1-1024x438.jpeg\" \/>\n\t<meta property=\"og:image:width\" content=\"1024\" \/>\n\t<meta property=\"og:image:height\" content=\"438\" \/>\n\t<meta property=\"og:image:type\" content=\"image\/jpeg\" \/>\n<meta name=\"twitter:card\" content=\"summary_large_image\" \/>\n<meta name=\"twitter:label1\" content=\"Tiempo de lectura\" \/>\n\t<meta name=\"twitter:data1\" content=\"1 minuto\" \/>\n<script type=\"application\/ld+json\" class=\"yoast-schema-graph\">{\"@context\":\"https:\\\/\\\/schema.org\",\"@graph\":[{\"@type\":\"WebPage\",\"@id\":\"https:\\\/\\\/www.josemiguelgeligasso.com\\\/?page_id=5\",\"url\":\"https:\\\/\\\/www.josemiguelgeligasso.com\\\/?page_id=5\",\"name\":\"Doctor Jose Miguel Geli Gass\u00f3 - Homeopat\u00eda Lleida\",\"isPartOf\":{\"@id\":\"https:\\\/\\\/www.josemiguelgeligasso.com\\\/#website\"},\"primaryImageOfPage\":{\"@id\":\"https:\\\/\\\/www.josemiguelgeligasso.com\\\/?page_id=5#primaryimage\"},\"image\":{\"@id\":\"https:\\\/\\\/www.josemiguelgeligasso.com\\\/?page_id=5#primaryimage\"},\"thumbnailUrl\":\"https:\\\/\\\/www.josemiguelgeligasso.com\\\/wp-content\\\/uploads\\\/2018\\\/08\\\/aeef17d7-f2d6-4d12-9ac0-17705f7e9f5b1.jpeg\",\"datePublished\":\"2018-04-29T18:24:16+00:00\",\"dateModified\":\"2019-04-16T08:00:57+00:00\",\"description\":\"Prestigiosa consulta de homeopat\u00eda del doctor Jose Miguel Geli Gass\u00f3. Visita su consulta en la ciudad de Lleida. Pide tu cita.\",\"breadcrumb\":{\"@id\":\"https:\\\/\\\/www.josemiguelgeligasso.com\\\/?page_id=5#breadcrumb\"},\"inLanguage\":\"es\",\"potentialAction\":[{\"@type\":\"ReadAction\",\"target\":[\"https:\\\/\\\/www.josemiguelgeligasso.com\\\/?page_id=5\"]}]},{\"@type\":\"ImageObject\",\"inLanguage\":\"es\",\"@id\":\"https:\\\/\\\/www.josemiguelgeligasso.com\\\/?page_id=5#primaryimage\",\"url\":\"https:\\\/\\\/www.josemiguelgeligasso.com\\\/wp-content\\\/uploads\\\/2018\\\/08\\\/aeef17d7-f2d6-4d12-9ac0-17705f7e9f5b1.jpeg\",\"contentUrl\":\"https:\\\/\\\/www.josemiguelgeligasso.com\\\/wp-content\\\/uploads\\\/2018\\\/08\\\/aeef17d7-f2d6-4d12-9ac0-17705f7e9f5b1.jpeg\",\"width\":5014,\"height\":2146,\"caption\":\"M\u00e9dico Jose Miguel Geli Gasso en su consulta de homeopat\u00eda en Lleida\"},{\"@type\":\"BreadcrumbList\",\"@id\":\"https:\\\/\\\/www.josemiguelgeligasso.com\\\/?page_id=5#breadcrumb\",\"itemListElement\":[{\"@type\":\"ListItem\",\"position\":1,\"name\":\"Portada\",\"item\":\"https:\\\/\\\/www.josemiguelgeligasso.com\\\/\"},{\"@type\":\"ListItem\",\"position\":2,\"name\":\"Jose Miguel Geli Gass\u00f3\"}]},{\"@type\":\"WebSite\",\"@id\":\"https:\\\/\\\/www.josemiguelgeligasso.com\\\/#website\",\"url\":\"https:\\\/\\\/www.josemiguelgeligasso.com\\\/\",\"name\":\"\",\"description\":\"\",\"publisher\":{\"@id\":\"https:\\\/\\\/www.josemiguelgeligasso.com\\\/#\\\/schema\\\/person\\\/7d8d951e2cdbe770747e8d008a91c78b\"},\"potentialAction\":[{\"@type\":\"SearchAction\",\"target\":{\"@type\":\"EntryPoint\",\"urlTemplate\":\"https:\\\/\\\/www.josemiguelgeligasso.com\\\/?s={search_term_string}\"},\"query-input\":{\"@type\":\"PropertyValueSpecification\",\"valueRequired\":true,\"valueName\":\"search_term_string\"}}],\"inLanguage\":\"es\"},{\"@type\":[\"Person\",\"Organization\"],\"@id\":\"https:\\\/\\\/www.josemiguelgeligasso.com\\\/#\\\/schema\\\/person\\\/7d8d951e2cdbe770747e8d008a91c78b\",\"name\":\"Jose Miguel Geli Gasso\",\"image\":{\"@type\":\"ImageObject\",\"inLanguage\":\"es\",\"@id\":\"https:\\\/\\\/www.josemiguelgeligasso.com\\\/wp-content\\\/uploads\\\/2019\\\/02\\\/cropped-jose-miguel-geli-copia-2.jpg\",\"url\":\"https:\\\/\\\/www.josemiguelgeligasso.com\\\/wp-content\\\/uploads\\\/2019\\\/02\\\/cropped-jose-miguel-geli-copia-2.jpg\",\"contentUrl\":\"https:\\\/\\\/www.josemiguelgeligasso.com\\\/wp-content\\\/uploads\\\/2019\\\/02\\\/cropped-jose-miguel-geli-copia-2.jpg\",\"width\":232,\"height\":232,\"caption\":\"Jose Miguel Geli Gasso\"},\"logo\":{\"@id\":\"https:\\\/\\\/www.josemiguelgeligasso.com\\\/wp-content\\\/uploads\\\/2019\\\/02\\\/cropped-jose-miguel-geli-copia-2.jpg\"}}]}<\/script>\n<!-- \/ Yoast SEO plugin. -->","yoast_head_json":{"title":"Doctor Jose Miguel Geli Gass\u00f3 - Homeopat\u00eda Lleida","description":"Prestigiosa consulta de homeopat\u00eda del doctor Jose Miguel Geli Gass\u00f3. Visita su consulta en la ciudad de Lleida. Pide tu cita.","robots":{"index":"index","follow":"follow","max-snippet":"max-snippet:-1","max-image-preview":"max-image-preview:large","max-video-preview":"max-video-preview:-1"},"canonical":"https:\/\/www.josemiguelgeligasso.com\/?page_id=5","og_locale":"es_ES","og_type":"article","og_title":"Doctor Jose Miguel Geli Gass\u00f3 - Homeopat\u00eda Lleida","og_description":"Prestigiosa consulta de homeopat\u00eda del doctor Jose Miguel Geli Gass\u00f3. Visita su consulta en la ciudad de Lleida. Pide tu cita.","og_url":"https:\/\/www.josemiguelgeligasso.com\/?page_id=5","article_modified_time":"2019-04-16T08:00:57+00:00","og_image":[{"width":1024,"height":438,"url":"https:\/\/www.josemiguelgeligasso.com\/wp-content\/uploads\/2018\/08\/aeef17d7-f2d6-4d12-9ac0-17705f7e9f5b1-1024x438.jpeg","type":"image\/jpeg"}],"twitter_card":"summary_large_image","twitter_misc":{"Tiempo de lectura":"1 minuto"},"schema":{"@context":"https:\/\/schema.org","@graph":[{"@type":"WebPage","@id":"https:\/\/www.josemiguelgeligasso.com\/?page_id=5","url":"https:\/\/www.josemiguelgeligasso.com\/?page_id=5","name":"Doctor Jose Miguel Geli Gass\u00f3 - Homeopat\u00eda Lleida","isPartOf":{"@id":"https:\/\/www.josemiguelgeligasso.com\/#website"},"primaryImageOfPage":{"@id":"https:\/\/www.josemiguelgeligasso.com\/?page_id=5#primaryimage"},"image":{"@id":"https:\/\/www.josemiguelgeligasso.com\/?page_id=5#primaryimage"},"thumbnailUrl":"https:\/\/www.josemiguelgeligasso.com\/wp-content\/uploads\/2018\/08\/aeef17d7-f2d6-4d12-9ac0-17705f7e9f5b1.jpeg","datePublished":"2018-04-29T18:24:16+00:00","dateModified":"2019-04-16T08:00:57+00:00","description":"Prestigiosa consulta de homeopat\u00eda del doctor Jose Miguel Geli Gass\u00f3. Visita su consulta en la ciudad de Lleida. Pide tu cita.","breadcrumb":{"@id":"https:\/\/www.josemiguelgeligasso.com\/?page_id=5#breadcrumb"},"inLanguage":"es","potentialAction":[{"@type":"ReadAction","target":["https:\/\/www.josemiguelgeligasso.com\/?page_id=5"]}]},{"@type":"ImageObject","inLanguage":"es","@id":"https:\/\/www.josemiguelgeligasso.com\/?page_id=5#primaryimage","url":"https:\/\/www.josemiguelgeligasso.com\/wp-content\/uploads\/2018\/08\/aeef17d7-f2d6-4d12-9ac0-17705f7e9f5b1.jpeg","contentUrl":"https:\/\/www.josemiguelgeligasso.com\/wp-content\/uploads\/2018\/08\/aeef17d7-f2d6-4d12-9ac0-17705f7e9f5b1.jpeg","width":5014,"height":2146,"caption":"M\u00e9dico Jose Miguel Geli Gasso en su consulta de homeopat\u00eda en Lleida"},{"@type":"BreadcrumbList","@id":"https:\/\/www.josemiguelgeligasso.com\/?page_id=5#breadcrumb","itemListElement":[{"@type":"ListItem","position":1,"name":"Portada","item":"https:\/\/www.josemiguelgeligasso.com\/"},{"@type":"ListItem","position":2,"name":"Jose Miguel Geli Gass\u00f3"}]},{"@type":"WebSite","@id":"https:\/\/www.josemiguelgeligasso.com\/#website","url":"https:\/\/www.josemiguelgeligasso.com\/","name":"","description":"","publisher":{"@id":"https:\/\/www.josemiguelgeligasso.com\/#\/schema\/person\/7d8d951e2cdbe770747e8d008a91c78b"},"potentialAction":[{"@type":"SearchAction","target":{"@type":"EntryPoint","urlTemplate":"https:\/\/www.josemiguelgeligasso.com\/?s={search_term_string}"},"query-input":{"@type":"PropertyValueSpecification","valueRequired":true,"valueName":"search_term_string"}}],"inLanguage":"es"},{"@type":["Person","Organization"],"@id":"https:\/\/www.josemiguelgeligasso.com\/#\/schema\/person\/7d8d951e2cdbe770747e8d008a91c78b","name":"Jose Miguel Geli Gasso","image":{"@type":"ImageObject","inLanguage":"es","@id":"https:\/\/www.josemiguelgeligasso.com\/wp-content\/uploads\/2019\/02\/cropped-jose-miguel-geli-copia-2.jpg","url":"https:\/\/www.josemiguelgeligasso.com\/wp-content\/uploads\/2019\/02\/cropped-jose-miguel-geli-copia-2.jpg","contentUrl":"https:\/\/www.josemiguelgeligasso.com\/wp-content\/uploads\/2019\/02\/cropped-jose-miguel-geli-copia-2.jpg","width":232,"height":232,"caption":"Jose Miguel Geli Gasso"},"logo":{"@id":"https:\/\/www.josemiguelgeligasso.com\/wp-content\/uploads\/2019\/02\/cropped-jose-miguel-geli-copia-2.jpg"}}]}},"_links":{"self":[{"href":"https:\/\/www.josemiguelgeligasso.com\/index.php?rest_route=\/wp\/v2\/pages\/5","targetHints":{"allow":["GET"]}}],"collection":[{"href":"https:\/\/www.josemiguelgeligasso.com\/index.php?rest_route=\/wp\/v2\/pages"}],"about":[{"href":"https:\/\/www.josemiguelgeligasso.com\/index.php?rest_route=\/wp\/v2\/types\/page"}],"author":[{"embeddable":true,"href":"https:\/\/www.josemiguelgeligasso.com\/index.php?rest_route=\/wp\/v2\/users\/2"}],"replies":[{"embeddable":true,"href":"https:\/\/www.josemiguelgeligasso.com\/index.php?rest_route=%2Fwp%2Fv2%2Fcomments&post=5"}],"version-history":[{"count":2,"href":"https:\/\/www.josemiguelgeligasso.com\/index.php?rest_route=\/wp\/v2\/pages\/5\/revisions"}],"predecessor-version":[{"id":368,"href":"https:\/\/www.josemiguelgeligasso.com\/index.php?rest_route=\/wp\/v2\/pages\/5\/revisions\/368"}],"wp:featuredmedia":[{"embeddable":true,"href":"https:\/\/www.josemiguelgeligasso.com\/index.php?rest_route=\/wp\/v2\/media\/119"}],"wp:attachment":[{"href":"https:\/\/www.josemiguelgeligasso.com\/index.php?rest_route=%2Fwp%2Fv2%2Fmedia&parent=5"}],"curies":[{"name":"wp","href":"https:\/\/api.w.org\/{rel}","templated":true}]}}