{"id":6,"date":"2018-04-29T18:24:15","date_gmt":"2018-04-29T18:24:15","guid":{"rendered":"https:\/\/josemiguelgeligasso.wordpress.com\/?page_id=3"},"modified":"2023-10-13T11:17:12","modified_gmt":"2023-10-13T15:17:12","slug":"contacto","status":"publish","type":"page","link":"https:\/\/www.josemiguelgeligasso.com\/?page_id=6","title":{"rendered":"Pide cita"},"content":{"rendered":"<p>Para concertar una visita nos puede encontrar en la siguiente direcci\u00f3n y tel\u00e9fono:<\/p>\n<p><strong><br \/>\n<\/strong><strong>Direcci\u00f3n: <\/strong>Calle Humbert Torres, 18, 3\u00ba, 3\u00aa25008 LLEIDA (Lleida)<\/p>\n<p><strong>Tel\u00e9fono: <\/strong>973 246 958<\/p>\n<p><iframe src=\"https:\/\/maps.google.com\/maps?q=Calle%20Humbert%20Torres%2C%2018&amp;t=m&amp;z=12&amp;output=embed&amp;iwloc=near\" frameborder=\"0\" marginwidth=\"0\" marginheight=\"0\" scrolling=\"no\" aria-label=\"Calle Humbert Torres, 18\"><\/iframe><\/p>\n<p>Si\u00a0quiere hacer una consulta espec\u00edfica sobre su problema o tiene alguna duda sobre alguna de las terapias no dude en llamarnos.<\/p>\n","protected":false},"excerpt":{"rendered":"<p>Para concertar una visita nos puede encontrar en la siguiente direcci\u00f3n y tel\u00e9fono: Direcci\u00f3n: Calle Humbert Torres, 18, 3\u00ba, 3\u00aa25008 LLEIDA (Lleida) Tel\u00e9fono: 973 246 958 Si\u00a0quiere hacer una consulta espec\u00edfica sobre su problema o tiene alguna duda sobre alguna de las terapias no dude en llamarnos.<\/p>\n","protected":false},"author":2,"featured_media":103,"parent":0,"menu_order":4,"comment_status":"closed","ping_status":"closed","template":"","meta":{"footnotes":""},"class_list":["post-6","page","type-page","status-publish","has-post-thumbnail","hentry"],"yoast_head":"<!-- This site is optimized with the Yoast SEO plugin v27.5 - https:\/\/yoast.com\/product\/yoast-seo-wordpress\/ -->\n<title>Homeopat\u00eda LleidaPide cita - Jose Miguel Geli Gass\u00f3 - Pide cita<\/title>\n<meta name=\"description\" content=\"Pide cita en la consulta de homeopat\u00eda en Lleida del doctor Jose Miguel Geli Gass\u00f3. Ponte en manos de un profesional con m\u00e1s de 40 a\u00f1os de experiencia.\" \/>\n<meta name=\"robots\" content=\"index, follow, max-snippet:-1, max-image-preview:large, max-video-preview:-1\" \/>\n<link rel=\"canonical\" href=\"https:\/\/www.josemiguelgeligasso.com\/?page_id=6\" \/>\n<meta property=\"og:locale\" content=\"es_ES\" \/>\n<meta property=\"og:type\" content=\"article\" \/>\n<meta property=\"og:title\" content=\"Homeopat\u00eda LleidaPide cita - Jose Miguel Geli Gass\u00f3 - Pide cita\" \/>\n<meta property=\"og:description\" content=\"Pide cita en la consulta de homeopat\u00eda en Lleida del doctor Jose Miguel Geli Gass\u00f3. Ponte en manos de un profesional con m\u00e1s de 40 a\u00f1os de experiencia.\" \/>\n<meta property=\"og:url\" content=\"https:\/\/www.josemiguelgeligasso.com\/?page_id=6\" \/>\n<meta property=\"article:modified_time\" content=\"2023-10-13T15:17:12+00:00\" \/>\n<meta property=\"og:image\" content=\"https:\/\/www.josemiguelgeligasso.com\/wp-content\/uploads\/2018\/07\/camilla-3a-e1532035127262.jpg\" \/>\n\t<meta property=\"og:image:width\" content=\"1607\" \/>\n\t<meta property=\"og:image:height\" content=\"565\" \/>\n\t<meta property=\"og:image:type\" content=\"image\/jpeg\" \/>\n<meta name=\"twitter:card\" content=\"summary_large_image\" \/>\n<meta name=\"twitter:label1\" content=\"Tiempo de lectura\" \/>\n\t<meta name=\"twitter:data1\" content=\"1 minuto\" \/>\n<script type=\"application\/ld+json\" class=\"yoast-schema-graph\">{\"@context\":\"https:\\\/\\\/schema.org\",\"@graph\":[{\"@type\":\"WebPage\",\"@id\":\"https:\\\/\\\/www.josemiguelgeligasso.com\\\/?page_id=6\",\"url\":\"https:\\\/\\\/www.josemiguelgeligasso.com\\\/?page_id=6\",\"name\":\"Homeopat\u00eda LleidaPide cita - Jose Miguel Geli Gass\u00f3 - Pide cita\",\"isPartOf\":{\"@id\":\"https:\\\/\\\/www.josemiguelgeligasso.com\\\/#website\"},\"primaryImageOfPage\":{\"@id\":\"https:\\\/\\\/www.josemiguelgeligasso.com\\\/?page_id=6#primaryimage\"},\"image\":{\"@id\":\"https:\\\/\\\/www.josemiguelgeligasso.com\\\/?page_id=6#primaryimage\"},\"thumbnailUrl\":\"https:\\\/\\\/www.josemiguelgeligasso.com\\\/wp-content\\\/uploads\\\/2018\\\/07\\\/camilla-3a-e1532035127262.jpg\",\"datePublished\":\"2018-04-29T18:24:15+00:00\",\"dateModified\":\"2023-10-13T15:17:12+00:00\",\"description\":\"Pide cita en la consulta de homeopat\u00eda en Lleida del doctor Jose Miguel Geli Gass\u00f3. Ponte en manos de un profesional con m\u00e1s de 40 a\u00f1os de experiencia.\",\"breadcrumb\":{\"@id\":\"https:\\\/\\\/www.josemiguelgeligasso.com\\\/?page_id=6#breadcrumb\"},\"inLanguage\":\"es\",\"potentialAction\":[{\"@type\":\"ReadAction\",\"target\":[\"https:\\\/\\\/www.josemiguelgeligasso.com\\\/?page_id=6\"]}]},{\"@type\":\"ImageObject\",\"inLanguage\":\"es\",\"@id\":\"https:\\\/\\\/www.josemiguelgeligasso.com\\\/?page_id=6#primaryimage\",\"url\":\"https:\\\/\\\/www.josemiguelgeligasso.com\\\/wp-content\\\/uploads\\\/2018\\\/07\\\/camilla-3a-e1532035127262.jpg\",\"contentUrl\":\"https:\\\/\\\/www.josemiguelgeligasso.com\\\/wp-content\\\/uploads\\\/2018\\\/07\\\/camilla-3a-e1532035127262.jpg\",\"width\":1607,\"height\":565,\"caption\":\"Camilla consulta de homeopat\u00eda del m\u00e9dico Jose Miguel Geli Gasso\"},{\"@type\":\"BreadcrumbList\",\"@id\":\"https:\\\/\\\/www.josemiguelgeligasso.com\\\/?page_id=6#breadcrumb\",\"itemListElement\":[{\"@type\":\"ListItem\",\"position\":1,\"name\":\"Portada\",\"item\":\"https:\\\/\\\/www.josemiguelgeligasso.com\\\/\"},{\"@type\":\"ListItem\",\"position\":2,\"name\":\"Pide cita\"}]},{\"@type\":\"WebSite\",\"@id\":\"https:\\\/\\\/www.josemiguelgeligasso.com\\\/#website\",\"url\":\"https:\\\/\\\/www.josemiguelgeligasso.com\\\/\",\"name\":\"\",\"description\":\"\",\"publisher\":{\"@id\":\"https:\\\/\\\/www.josemiguelgeligasso.com\\\/#\\\/schema\\\/person\\\/7d8d951e2cdbe770747e8d008a91c78b\"},\"potentialAction\":[{\"@type\":\"SearchAction\",\"target\":{\"@type\":\"EntryPoint\",\"urlTemplate\":\"https:\\\/\\\/www.josemiguelgeligasso.com\\\/?s={search_term_string}\"},\"query-input\":{\"@type\":\"PropertyValueSpecification\",\"valueRequired\":true,\"valueName\":\"search_term_string\"}}],\"inLanguage\":\"es\"},{\"@type\":[\"Person\",\"Organization\"],\"@id\":\"https:\\\/\\\/www.josemiguelgeligasso.com\\\/#\\\/schema\\\/person\\\/7d8d951e2cdbe770747e8d008a91c78b\",\"name\":\"Jose Miguel Geli Gasso\",\"image\":{\"@type\":\"ImageObject\",\"inLanguage\":\"es\",\"@id\":\"https:\\\/\\\/www.josemiguelgeligasso.com\\\/wp-content\\\/uploads\\\/2019\\\/02\\\/cropped-jose-miguel-geli-copia-2.jpg\",\"url\":\"https:\\\/\\\/www.josemiguelgeligasso.com\\\/wp-content\\\/uploads\\\/2019\\\/02\\\/cropped-jose-miguel-geli-copia-2.jpg\",\"contentUrl\":\"https:\\\/\\\/www.josemiguelgeligasso.com\\\/wp-content\\\/uploads\\\/2019\\\/02\\\/cropped-jose-miguel-geli-copia-2.jpg\",\"width\":232,\"height\":232,\"caption\":\"Jose Miguel Geli Gasso\"},\"logo\":{\"@id\":\"https:\\\/\\\/www.josemiguelgeligasso.com\\\/wp-content\\\/uploads\\\/2019\\\/02\\\/cropped-jose-miguel-geli-copia-2.jpg\"}}]}<\/script>\n<!-- \/ Yoast SEO plugin. -->","yoast_head_json":{"title":"Homeopat\u00eda LleidaPide cita - Jose Miguel Geli Gass\u00f3 - Pide cita","description":"Pide cita en la consulta de homeopat\u00eda en Lleida del doctor Jose Miguel Geli Gass\u00f3. Ponte en manos de un profesional con m\u00e1s de 40 a\u00f1os de experiencia.","robots":{"index":"index","follow":"follow","max-snippet":"max-snippet:-1","max-image-preview":"max-image-preview:large","max-video-preview":"max-video-preview:-1"},"canonical":"https:\/\/www.josemiguelgeligasso.com\/?page_id=6","og_locale":"es_ES","og_type":"article","og_title":"Homeopat\u00eda LleidaPide cita - Jose Miguel Geli Gass\u00f3 - Pide cita","og_description":"Pide cita en la consulta de homeopat\u00eda en Lleida del doctor Jose Miguel Geli Gass\u00f3. Ponte en manos de un profesional con m\u00e1s de 40 a\u00f1os de experiencia.","og_url":"https:\/\/www.josemiguelgeligasso.com\/?page_id=6","article_modified_time":"2023-10-13T15:17:12+00:00","og_image":[{"width":1607,"height":565,"url":"https:\/\/www.josemiguelgeligasso.com\/wp-content\/uploads\/2018\/07\/camilla-3a-e1532035127262.jpg","type":"image\/jpeg"}],"twitter_card":"summary_large_image","twitter_misc":{"Tiempo de lectura":"1 minuto"},"schema":{"@context":"https:\/\/schema.org","@graph":[{"@type":"WebPage","@id":"https:\/\/www.josemiguelgeligasso.com\/?page_id=6","url":"https:\/\/www.josemiguelgeligasso.com\/?page_id=6","name":"Homeopat\u00eda LleidaPide cita - Jose Miguel Geli Gass\u00f3 - Pide cita","isPartOf":{"@id":"https:\/\/www.josemiguelgeligasso.com\/#website"},"primaryImageOfPage":{"@id":"https:\/\/www.josemiguelgeligasso.com\/?page_id=6#primaryimage"},"image":{"@id":"https:\/\/www.josemiguelgeligasso.com\/?page_id=6#primaryimage"},"thumbnailUrl":"https:\/\/www.josemiguelgeligasso.com\/wp-content\/uploads\/2018\/07\/camilla-3a-e1532035127262.jpg","datePublished":"2018-04-29T18:24:15+00:00","dateModified":"2023-10-13T15:17:12+00:00","description":"Pide cita en la consulta de homeopat\u00eda en Lleida del doctor Jose Miguel Geli Gass\u00f3. Ponte en manos de un profesional con m\u00e1s de 40 a\u00f1os de experiencia.","breadcrumb":{"@id":"https:\/\/www.josemiguelgeligasso.com\/?page_id=6#breadcrumb"},"inLanguage":"es","potentialAction":[{"@type":"ReadAction","target":["https:\/\/www.josemiguelgeligasso.com\/?page_id=6"]}]},{"@type":"ImageObject","inLanguage":"es","@id":"https:\/\/www.josemiguelgeligasso.com\/?page_id=6#primaryimage","url":"https:\/\/www.josemiguelgeligasso.com\/wp-content\/uploads\/2018\/07\/camilla-3a-e1532035127262.jpg","contentUrl":"https:\/\/www.josemiguelgeligasso.com\/wp-content\/uploads\/2018\/07\/camilla-3a-e1532035127262.jpg","width":1607,"height":565,"caption":"Camilla consulta de homeopat\u00eda del m\u00e9dico Jose Miguel Geli Gasso"},{"@type":"BreadcrumbList","@id":"https:\/\/www.josemiguelgeligasso.com\/?page_id=6#breadcrumb","itemListElement":[{"@type":"ListItem","position":1,"name":"Portada","item":"https:\/\/www.josemiguelgeligasso.com\/"},{"@type":"ListItem","position":2,"name":"Pide cita"}]},{"@type":"WebSite","@id":"https:\/\/www.josemiguelgeligasso.com\/#website","url":"https:\/\/www.josemiguelgeligasso.com\/","name":"","description":"","publisher":{"@id":"https:\/\/www.josemiguelgeligasso.com\/#\/schema\/person\/7d8d951e2cdbe770747e8d008a91c78b"},"potentialAction":[{"@type":"SearchAction","target":{"@type":"EntryPoint","urlTemplate":"https:\/\/www.josemiguelgeligasso.com\/?s={search_term_string}"},"query-input":{"@type":"PropertyValueSpecification","valueRequired":true,"valueName":"search_term_string"}}],"inLanguage":"es"},{"@type":["Person","Organization"],"@id":"https:\/\/www.josemiguelgeligasso.com\/#\/schema\/person\/7d8d951e2cdbe770747e8d008a91c78b","name":"Jose Miguel Geli Gasso","image":{"@type":"ImageObject","inLanguage":"es","@id":"https:\/\/www.josemiguelgeligasso.com\/wp-content\/uploads\/2019\/02\/cropped-jose-miguel-geli-copia-2.jpg","url":"https:\/\/www.josemiguelgeligasso.com\/wp-content\/uploads\/2019\/02\/cropped-jose-miguel-geli-copia-2.jpg","contentUrl":"https:\/\/www.josemiguelgeligasso.com\/wp-content\/uploads\/2019\/02\/cropped-jose-miguel-geli-copia-2.jpg","width":232,"height":232,"caption":"Jose Miguel Geli Gasso"},"logo":{"@id":"https:\/\/www.josemiguelgeligasso.com\/wp-content\/uploads\/2019\/02\/cropped-jose-miguel-geli-copia-2.jpg"}}]}},"_links":{"self":[{"href":"https:\/\/www.josemiguelgeligasso.com\/index.php?rest_route=\/wp\/v2\/pages\/6","targetHints":{"allow":["GET"]}}],"collection":[{"href":"https:\/\/www.josemiguelgeligasso.com\/index.php?rest_route=\/wp\/v2\/pages"}],"about":[{"href":"https:\/\/www.josemiguelgeligasso.com\/index.php?rest_route=\/wp\/v2\/types\/page"}],"author":[{"embeddable":true,"href":"https:\/\/www.josemiguelgeligasso.com\/index.php?rest_route=\/wp\/v2\/users\/2"}],"replies":[{"embeddable":true,"href":"https:\/\/www.josemiguelgeligasso.com\/index.php?rest_route=%2Fwp%2Fv2%2Fcomments&post=6"}],"version-history":[{"count":13,"href":"https:\/\/www.josemiguelgeligasso.com\/index.php?rest_route=\/wp\/v2\/pages\/6\/revisions"}],"predecessor-version":[{"id":768,"href":"https:\/\/www.josemiguelgeligasso.com\/index.php?rest_route=\/wp\/v2\/pages\/6\/revisions\/768"}],"wp:featuredmedia":[{"embeddable":true,"href":"https:\/\/www.josemiguelgeligasso.com\/index.php?rest_route=\/wp\/v2\/media\/103"}],"wp:attachment":[{"href":"https:\/\/www.josemiguelgeligasso.com\/index.php?rest_route=%2Fwp%2Fv2%2Fmedia&parent=6"}],"curies":[{"name":"wp","href":"https:\/\/api.w.org\/{rel}","templated":true}]}}