{"id":7,"date":"2018-04-29T18:24:13","date_gmt":"2018-04-29T18:24:13","guid":{"rendered":"https:\/\/josemiguelgeligasso.wordpress.com\/?page_id=5"},"modified":"2023-10-13T11:18:07","modified_gmt":"2023-10-13T15:18:07","slug":"homeopatia-lleida","status":"publish","type":"page","link":"https:\/\/www.josemiguelgeligasso.com\/","title":{"rendered":"Presentaci\u00f3n"},"content":{"rendered":"<div class=\"wp-block-image\">\n<figure class=\"alignright is-resized\"><a href=\"https:\/\/www.instagram.com\/doctor_geli\/\"><img loading=\"lazy\" decoding=\"async\" width=\"300\" height=\"300\" src=\"https:\/\/www.josemiguelgeligasso.com\/wp-content\/uploads\/2023\/10\/Diseno-sin-titulo-28-300x300.png\" alt=\"\" class=\"wp-image-762\" style=\"aspect-ratio:1;width:36px;height:auto\" srcset=\"https:\/\/www.josemiguelgeligasso.com\/wp-content\/uploads\/2023\/10\/Diseno-sin-titulo-28-300x300.png 300w, https:\/\/www.josemiguelgeligasso.com\/wp-content\/uploads\/2023\/10\/Diseno-sin-titulo-28-150x150.png 150w, https:\/\/www.josemiguelgeligasso.com\/wp-content\/uploads\/2023\/10\/Diseno-sin-titulo-28-768x768.png 768w, https:\/\/www.josemiguelgeligasso.com\/wp-content\/uploads\/2023\/10\/Diseno-sin-titulo-28-75x75.png 75w, https:\/\/www.josemiguelgeligasso.com\/wp-content\/uploads\/2023\/10\/Diseno-sin-titulo-28.png 1024w\" sizes=\"auto, (max-width: 300px) 100vw, 300px\" \/><\/a><\/figure>\n<\/div>\n\n\n<p><a href=\"https:\/\/www.instagram.com\/doctor_geli\/\" target=\"_blank\" rel=\"noopener\"><br><br><\/a><\/p>\n\n\n<div id=\"metaslider-id-224\" style=\"width: 100%; margin: 0 auto;\" class=\"ml-slider-3-109-0 metaslider metaslider-flex metaslider-224 ml-slider has-dots-nav ms-theme-nivo-light\" role=\"region\" aria-label=\"Inicio\" data-height=\"300\" data-width=\"700\">\n    <div id=\"metaslider_container_224\">\n        <div id=\"metaslider_224\" class=\"flexslider\">\n            <ul class='slides'>\n                <li style=\"display: block; width: 100%;\" class=\"slide-225 ms-image \" aria-roledescription=\"slide\" data-date=\"2019-04-15 15:13:21\" data-filename=\"consultorio-4-700x300.jpg\" data-slide-type=\"image\"><a href=\"https:\/\/www.josemiguelgeligasso.com\" target=\"_blank\" aria-label=\"Ver detalles de la diapositiva\" class=\"metaslider_image_link\"><img loading=\"lazy\" decoding=\"async\" src=\"https:\/\/www.josemiguelgeligasso.com\/wp-content\/uploads\/2018\/07\/consultorio-4-700x300.jpg\" height=\"300\" width=\"700\" alt=\"Consulta homeopat\u00eda\" class=\"slider-224 slide-225 msDefaultImage\" title=\"Consulta homeopat\u00eda Lleida Jose Miguel Geli Gasso\" \/><\/a><div class=\"caption-wrap\"><div class=\"caption\">Consulta de homeopat\u00eda del m\u00e9dico Jose Miguel Geli Gass\u00f3 en Lleida<\/div><\/div><\/li>\n                <li style=\"display: none; width: 100%;\" class=\"slide-227 ms-image \" aria-roledescription=\"slide\" data-date=\"2019-04-15 15:15:18\" data-filename=\"homeopatc3ada-infantil-700x300.jpg\" data-slide-type=\"image\"><a href=\"https:\/\/www.josemiguelgeligasso.com\/?page_id=35\" target=\"_self\" aria-label=\"Ver detalles de la diapositiva\" class=\"metaslider_image_link\"><img loading=\"lazy\" decoding=\"async\" src=\"https:\/\/www.josemiguelgeligasso.com\/wp-content\/uploads\/2019\/02\/homeopatc3ada-infantil-700x300.jpg\" height=\"300\" width=\"700\" alt=\"Homeopat\u00eda para ni\u00f1os y ni\u00f1as en Lleida\" class=\"slider-224 slide-227 msDefaultImage\" title=\"Homeopat\u00eda infantil Lleida\" \/><\/a><div class=\"caption-wrap\"><div class=\"caption\">Realizamos homeopat\u00eda infantil<\/div><\/div><\/li>\n                <li style=\"display: none; width: 100%;\" class=\"slide-321 ms-image \" aria-roledescription=\"slide\" data-date=\"2019-04-15 21:35:08\" data-filename=\"homeopatc3ada-adultos-700x300.jpg\" data-slide-type=\"image\"><a href=\"https:\/\/www.josemiguelgeligasso.com\/?page_id=35\" target=\"_self\" aria-label=\"Ver detalles de la diapositiva\" class=\"metaslider_image_link\"><img loading=\"lazy\" decoding=\"async\" src=\"https:\/\/www.josemiguelgeligasso.com\/wp-content\/uploads\/2019\/02\/homeopatc3ada-adultos-700x300.jpg\" height=\"300\" width=\"700\" alt=\"Homeopat\u00eda para adultos y gente mayor\" class=\"slider-224 slide-321 msDefaultImage\" title=\"Homeopat\u00eda adultos\" \/><\/a><div class=\"caption-wrap\"><div class=\"caption\">Pregunta por nuestra homeopat\u00eda para adultos en Lleida<\/div><\/div><\/li>\n                <li style=\"display: none; width: 100%;\" class=\"slide-226 ms-image \" aria-roledescription=\"slide\" data-date=\"2019-04-15 15:14:16\" data-filename=\"camilla-3a-e1532035127262-700x300.jpg\" data-slide-type=\"image\"><a href=\"https:\/\/www.josemiguelgeligasso.com\/?page_id=6\" target=\"_blank\" aria-label=\"Ver detalles de la diapositiva\" class=\"metaslider_image_link\"><img loading=\"lazy\" decoding=\"async\" src=\"https:\/\/www.josemiguelgeligasso.com\/wp-content\/uploads\/2018\/07\/camilla-3a-e1532035127262-700x300.jpg\" height=\"300\" width=\"700\" alt=\"Camilla consulta de homeopat\u00eda del m\u00e9dico Jose Miguel Geli Gasso\" class=\"slider-224 slide-226 msDefaultImage\" title=\"Camilla consulta m\u00e9dico Jose Miguel Geli Gasso\" \/><\/a><div class=\"caption-wrap\"><div class=\"caption\">\u00a1Pide cita a nuestra consulta!<\/div><\/div><\/li>\n            <\/ul>\n        <\/div>\n        \n    <\/div>\n<\/div>\n\n\n\n<p><strong>Jos\u00e9 Miguel Geli Gass\u00f3, M\u00e9dico Naturista y Home\u00f3pata<\/strong>&nbsp;cumple m\u00e1s de 35 a\u00f1os de&nbsp;<strong>servicio m\u00e9dico alternativo<\/strong>. Ha realizado un largo recorrido, con mucha ilusi\u00f3n, esfuerzo y gratificaciones. Su consulta de <strong>homeopat\u00eda en Lleida&nbsp;<\/strong>ofrece una atenci\u00f3n personalizada a sus pacientes. En su consulta encontrar\u00e1s una medicina integral o complementaria, la cual se basa en la interacci\u00f3n de la medicina convencional con la medicina natural.<\/p>\n\n\n\n<p>El m\u00e9dico Jose Miguel Geli Gass\u00f3 considera al ser humano en todas sus dimensiones: f\u00edsica, ps\u00edquica y espiritual, pues piensa que desde la medicina naturista y la homeopat\u00eda se puede llegar a una medicina integral y de prevenci\u00f3n. En sus terapias da importancia a la sanaci\u00f3n del cuerpo desde una visi\u00f3n hol\u00edstica, es decir, tratando un&nbsp;cuerpo y no \u00fanicamente las partes del mismo. Este enfoque concibe que las enfermedades pueden aparecer por malos h\u00e1bitos alimentarios y de conducta. Por este motivo, entre sus servicios el doctor tambi\u00e9n ofrece un seguimiento de la dieta de los pacientes basada en la alimentaci\u00f3n alcalina. Este tipo de alimentaci\u00f3n mantiene el cuerpo dentro de un PH alcalino (at\u00f3xico) y por consiguiente el sistema inmunol\u00f3gico perfectamente operativo y como prevenci\u00f3n de enfermedades.<\/p>\n\n\n\n<p>De forma complementaria,&nbsp;tambi\u00e9n ofrece terapias alternativas centradas en las energ\u00edas como el reiki, la meditaci\u00f3n y el mindfulness. Este tipo de terapias no substituyen a ning\u00fan tratamiento m\u00e9dico, sino que se complementan con los ya existentes. Los beneficios de practicar estas terapias se notan desde la primera sesi\u00f3n y favorecen el bienestar general de la persona, sobretodo a nivel f\u00edsico y psicol\u00f3gico.<\/p>\n\n\n\n<p>Todos los diagn\u00f3sticos y tratamientos homeop\u00e1ticos que efect\u00faa en Lleida responden a los requerimientos cient\u00edficos, buscando los m\u00e9todos que mejor recogen la realidad integral de la persona y utilizando todas las terapias posibles para su total curaci\u00f3n y posterior regeneraci\u00f3n.<\/p>\n\n\n\n<p>No lo dude, si esta buscando una consulta de homeopat\u00eda en Lleida, <a href=\"https:\/\/www.josemiguelgeligasso.com\/?page_id=6\">ll\u00e1menos<\/a> y atenderemos sus necesidades con la mayor profesionalidad.<\/p>\n\n\n\n<p class=\"has-text-align-right\"><strong>Dr. Jos\u00e9 Miguel Geli Gass\u00f3<\/strong><\/p>\n\n\n\n<p class=\"has-text-align-right\"><strong>Licenciado en Medicina y&nbsp;Cirug\u00eda, Colegiado en L\u00e9rida, n\u00ba 1933<\/strong><\/p>\n","protected":false},"excerpt":{"rendered":"<p>Consulta de homeopat\u00eda en Lleida del m\u00e9dico Jose Miguel Geli Gass\u00f3<\/p>\n","protected":false},"author":2,"featured_media":0,"parent":0,"menu_order":1,"comment_status":"closed","ping_status":"closed","template":"","meta":{"footnotes":""},"class_list":["post-7","page","type-page","status-publish","hentry"],"yoast_head":"<!-- This site is optimized with the Yoast SEO plugin v27.5 - https:\/\/yoast.com\/product\/yoast-seo-wordpress\/ -->\n<title>Jose Miguel Geli Gass\u00f3 - Consulta de Homeopat\u00eda en Lleida<\/title>\n<meta name=\"description\" content=\"Consulta de homeopat\u00eda en Lleida del m\u00e9dico Jose Miguel Geli Gass\u00f3. Uno de los m\u00e9dicos m\u00e1s reconocidos y prestigiosos de Lleida. Entra y pide tu cita.\" \/>\n<meta name=\"robots\" content=\"index, follow, max-snippet:-1, max-image-preview:large, max-video-preview:-1\" \/>\n<link rel=\"canonical\" href=\"https:\/\/www.josemiguelgeligasso.com\/\" \/>\n<meta property=\"og:locale\" content=\"es_ES\" \/>\n<meta property=\"og:type\" content=\"article\" \/>\n<meta property=\"og:title\" content=\"Jose Miguel Geli Gass\u00f3 - Consulta de Homeopat\u00eda en Lleida\" \/>\n<meta property=\"og:description\" content=\"Consulta de homeopat\u00eda en Lleida del m\u00e9dico Jose Miguel Geli Gass\u00f3. Uno de los m\u00e9dicos m\u00e1s reconocidos y prestigiosos de Lleida. Entra y pide tu cita.\" \/>\n<meta property=\"og:url\" content=\"https:\/\/www.josemiguelgeligasso.com\/\" \/>\n<meta property=\"article:modified_time\" content=\"2023-10-13T15:18:07+00:00\" \/>\n<meta property=\"og:image\" content=\"https:\/\/www.josemiguelgeligasso.com\/wp-content\/uploads\/2023\/10\/Diseno-sin-titulo-28-300x300.png\" \/>\n<meta name=\"twitter:card\" content=\"summary_large_image\" \/>\n<meta name=\"twitter:label1\" content=\"Tiempo de lectura\" \/>\n\t<meta name=\"twitter:data1\" content=\"2 minutos\" \/>\n<script type=\"application\/ld+json\" class=\"yoast-schema-graph\">{\"@context\":\"https:\\\/\\\/schema.org\",\"@graph\":[{\"@type\":\"WebPage\",\"@id\":\"https:\\\/\\\/www.josemiguelgeligasso.com\\\/\",\"url\":\"https:\\\/\\\/www.josemiguelgeligasso.com\\\/\",\"name\":\"Jose Miguel Geli Gass\u00f3 - Consulta de Homeopat\u00eda en Lleida\",\"isPartOf\":{\"@id\":\"https:\\\/\\\/www.josemiguelgeligasso.com\\\/#website\"},\"primaryImageOfPage\":{\"@id\":\"https:\\\/\\\/www.josemiguelgeligasso.com\\\/#primaryimage\"},\"image\":{\"@id\":\"https:\\\/\\\/www.josemiguelgeligasso.com\\\/#primaryimage\"},\"thumbnailUrl\":\"https:\\\/\\\/www.josemiguelgeligasso.com\\\/wp-content\\\/uploads\\\/2023\\\/10\\\/Diseno-sin-titulo-28-300x300.png\",\"datePublished\":\"2018-04-29T18:24:13+00:00\",\"dateModified\":\"2023-10-13T15:18:07+00:00\",\"description\":\"Consulta de homeopat\u00eda en Lleida del m\u00e9dico Jose Miguel Geli Gass\u00f3. Uno de los m\u00e9dicos m\u00e1s reconocidos y prestigiosos de Lleida. Entra y pide tu cita.\",\"breadcrumb\":{\"@id\":\"https:\\\/\\\/www.josemiguelgeligasso.com\\\/#breadcrumb\"},\"inLanguage\":\"es\",\"potentialAction\":[{\"@type\":\"ReadAction\",\"target\":[\"https:\\\/\\\/www.josemiguelgeligasso.com\\\/\"]}]},{\"@type\":\"ImageObject\",\"inLanguage\":\"es\",\"@id\":\"https:\\\/\\\/www.josemiguelgeligasso.com\\\/#primaryimage\",\"url\":\"https:\\\/\\\/www.josemiguelgeligasso.com\\\/wp-content\\\/uploads\\\/2023\\\/10\\\/Diseno-sin-titulo-28.png\",\"contentUrl\":\"https:\\\/\\\/www.josemiguelgeligasso.com\\\/wp-content\\\/uploads\\\/2023\\\/10\\\/Diseno-sin-titulo-28.png\",\"width\":1024,\"height\":1024},{\"@type\":\"BreadcrumbList\",\"@id\":\"https:\\\/\\\/www.josemiguelgeligasso.com\\\/#breadcrumb\",\"itemListElement\":[{\"@type\":\"ListItem\",\"position\":1,\"name\":\"Portada\",\"item\":\"https:\\\/\\\/www.josemiguelgeligasso.com\\\/\"},{\"@type\":\"ListItem\",\"position\":2,\"name\":\"Presentaci\u00f3n\"}]},{\"@type\":\"WebSite\",\"@id\":\"https:\\\/\\\/www.josemiguelgeligasso.com\\\/#website\",\"url\":\"https:\\\/\\\/www.josemiguelgeligasso.com\\\/\",\"name\":\"\",\"description\":\"\",\"publisher\":{\"@id\":\"https:\\\/\\\/www.josemiguelgeligasso.com\\\/#\\\/schema\\\/person\\\/7d8d951e2cdbe770747e8d008a91c78b\"},\"potentialAction\":[{\"@type\":\"SearchAction\",\"target\":{\"@type\":\"EntryPoint\",\"urlTemplate\":\"https:\\\/\\\/www.josemiguelgeligasso.com\\\/?s={search_term_string}\"},\"query-input\":{\"@type\":\"PropertyValueSpecification\",\"valueRequired\":true,\"valueName\":\"search_term_string\"}}],\"inLanguage\":\"es\"},{\"@type\":[\"Person\",\"Organization\"],\"@id\":\"https:\\\/\\\/www.josemiguelgeligasso.com\\\/#\\\/schema\\\/person\\\/7d8d951e2cdbe770747e8d008a91c78b\",\"name\":\"Jose Miguel Geli Gasso\",\"image\":{\"@type\":\"ImageObject\",\"inLanguage\":\"es\",\"@id\":\"https:\\\/\\\/www.josemiguelgeligasso.com\\\/wp-content\\\/uploads\\\/2019\\\/02\\\/cropped-jose-miguel-geli-copia-2.jpg\",\"url\":\"https:\\\/\\\/www.josemiguelgeligasso.com\\\/wp-content\\\/uploads\\\/2019\\\/02\\\/cropped-jose-miguel-geli-copia-2.jpg\",\"contentUrl\":\"https:\\\/\\\/www.josemiguelgeligasso.com\\\/wp-content\\\/uploads\\\/2019\\\/02\\\/cropped-jose-miguel-geli-copia-2.jpg\",\"width\":232,\"height\":232,\"caption\":\"Jose Miguel Geli Gasso\"},\"logo\":{\"@id\":\"https:\\\/\\\/www.josemiguelgeligasso.com\\\/wp-content\\\/uploads\\\/2019\\\/02\\\/cropped-jose-miguel-geli-copia-2.jpg\"}}]}<\/script>\n<!-- \/ Yoast SEO plugin. -->","yoast_head_json":{"title":"Jose Miguel Geli Gass\u00f3 - Consulta de Homeopat\u00eda en Lleida","description":"Consulta de homeopat\u00eda en Lleida del m\u00e9dico Jose Miguel Geli Gass\u00f3. Uno de los m\u00e9dicos m\u00e1s reconocidos y prestigiosos de Lleida. Entra y pide tu cita.","robots":{"index":"index","follow":"follow","max-snippet":"max-snippet:-1","max-image-preview":"max-image-preview:large","max-video-preview":"max-video-preview:-1"},"canonical":"https:\/\/www.josemiguelgeligasso.com\/","og_locale":"es_ES","og_type":"article","og_title":"Jose Miguel Geli Gass\u00f3 - Consulta de Homeopat\u00eda en Lleida","og_description":"Consulta de homeopat\u00eda en Lleida del m\u00e9dico Jose Miguel Geli Gass\u00f3. Uno de los m\u00e9dicos m\u00e1s reconocidos y prestigiosos de Lleida. Entra y pide tu cita.","og_url":"https:\/\/www.josemiguelgeligasso.com\/","article_modified_time":"2023-10-13T15:18:07+00:00","og_image":[{"url":"https:\/\/www.josemiguelgeligasso.com\/wp-content\/uploads\/2023\/10\/Diseno-sin-titulo-28-300x300.png","type":"","width":"","height":""}],"twitter_card":"summary_large_image","twitter_misc":{"Tiempo de lectura":"2 minutos"},"schema":{"@context":"https:\/\/schema.org","@graph":[{"@type":"WebPage","@id":"https:\/\/www.josemiguelgeligasso.com\/","url":"https:\/\/www.josemiguelgeligasso.com\/","name":"Jose Miguel Geli Gass\u00f3 - Consulta de Homeopat\u00eda en Lleida","isPartOf":{"@id":"https:\/\/www.josemiguelgeligasso.com\/#website"},"primaryImageOfPage":{"@id":"https:\/\/www.josemiguelgeligasso.com\/#primaryimage"},"image":{"@id":"https:\/\/www.josemiguelgeligasso.com\/#primaryimage"},"thumbnailUrl":"https:\/\/www.josemiguelgeligasso.com\/wp-content\/uploads\/2023\/10\/Diseno-sin-titulo-28-300x300.png","datePublished":"2018-04-29T18:24:13+00:00","dateModified":"2023-10-13T15:18:07+00:00","description":"Consulta de homeopat\u00eda en Lleida del m\u00e9dico Jose Miguel Geli Gass\u00f3. Uno de los m\u00e9dicos m\u00e1s reconocidos y prestigiosos de Lleida. Entra y pide tu cita.","breadcrumb":{"@id":"https:\/\/www.josemiguelgeligasso.com\/#breadcrumb"},"inLanguage":"es","potentialAction":[{"@type":"ReadAction","target":["https:\/\/www.josemiguelgeligasso.com\/"]}]},{"@type":"ImageObject","inLanguage":"es","@id":"https:\/\/www.josemiguelgeligasso.com\/#primaryimage","url":"https:\/\/www.josemiguelgeligasso.com\/wp-content\/uploads\/2023\/10\/Diseno-sin-titulo-28.png","contentUrl":"https:\/\/www.josemiguelgeligasso.com\/wp-content\/uploads\/2023\/10\/Diseno-sin-titulo-28.png","width":1024,"height":1024},{"@type":"BreadcrumbList","@id":"https:\/\/www.josemiguelgeligasso.com\/#breadcrumb","itemListElement":[{"@type":"ListItem","position":1,"name":"Portada","item":"https:\/\/www.josemiguelgeligasso.com\/"},{"@type":"ListItem","position":2,"name":"Presentaci\u00f3n"}]},{"@type":"WebSite","@id":"https:\/\/www.josemiguelgeligasso.com\/#website","url":"https:\/\/www.josemiguelgeligasso.com\/","name":"","description":"","publisher":{"@id":"https:\/\/www.josemiguelgeligasso.com\/#\/schema\/person\/7d8d951e2cdbe770747e8d008a91c78b"},"potentialAction":[{"@type":"SearchAction","target":{"@type":"EntryPoint","urlTemplate":"https:\/\/www.josemiguelgeligasso.com\/?s={search_term_string}"},"query-input":{"@type":"PropertyValueSpecification","valueRequired":true,"valueName":"search_term_string"}}],"inLanguage":"es"},{"@type":["Person","Organization"],"@id":"https:\/\/www.josemiguelgeligasso.com\/#\/schema\/person\/7d8d951e2cdbe770747e8d008a91c78b","name":"Jose Miguel Geli Gasso","image":{"@type":"ImageObject","inLanguage":"es","@id":"https:\/\/www.josemiguelgeligasso.com\/wp-content\/uploads\/2019\/02\/cropped-jose-miguel-geli-copia-2.jpg","url":"https:\/\/www.josemiguelgeligasso.com\/wp-content\/uploads\/2019\/02\/cropped-jose-miguel-geli-copia-2.jpg","contentUrl":"https:\/\/www.josemiguelgeligasso.com\/wp-content\/uploads\/2019\/02\/cropped-jose-miguel-geli-copia-2.jpg","width":232,"height":232,"caption":"Jose Miguel Geli Gasso"},"logo":{"@id":"https:\/\/www.josemiguelgeligasso.com\/wp-content\/uploads\/2019\/02\/cropped-jose-miguel-geli-copia-2.jpg"}}]}},"_links":{"self":[{"href":"https:\/\/www.josemiguelgeligasso.com\/index.php?rest_route=\/wp\/v2\/pages\/7","targetHints":{"allow":["GET"]}}],"collection":[{"href":"https:\/\/www.josemiguelgeligasso.com\/index.php?rest_route=\/wp\/v2\/pages"}],"about":[{"href":"https:\/\/www.josemiguelgeligasso.com\/index.php?rest_route=\/wp\/v2\/types\/page"}],"author":[{"embeddable":true,"href":"https:\/\/www.josemiguelgeligasso.com\/index.php?rest_route=\/wp\/v2\/users\/2"}],"replies":[{"embeddable":true,"href":"https:\/\/www.josemiguelgeligasso.com\/index.php?rest_route=%2Fwp%2Fv2%2Fcomments&post=7"}],"version-history":[{"count":43,"href":"https:\/\/www.josemiguelgeligasso.com\/index.php?rest_route=\/wp\/v2\/pages\/7\/revisions"}],"predecessor-version":[{"id":766,"href":"https:\/\/www.josemiguelgeligasso.com\/index.php?rest_route=\/wp\/v2\/pages\/7\/revisions\/766"}],"wp:attachment":[{"href":"https:\/\/www.josemiguelgeligasso.com\/index.php?rest_route=%2Fwp%2Fv2%2Fmedia&parent=7"}],"curies":[{"name":"wp","href":"https:\/\/api.w.org\/{rel}","templated":true}]}}